{"id":909,"date":"2019-06-27T04:00:45","date_gmt":"2019-06-27T08:00:45","guid":{"rendered":"https:\/\/bravissimo.ca\/?page_id=909"},"modified":"2025-08-07T12:44:35","modified_gmt":"2025-08-07T16:44:35","slug":"equipe","status":"publish","type":"page","link":"https:\/\/bravissimo.ca\/en\/equipe\/","title":{"rendered":"Team"},"content":{"rendered":"<div class=\"wpb-content-wrapper\"><p>[vc_row][vc_column]<div id=\"ultimate-heading-139169d590de976bc\" class=\"uvc-heading ult-adjust-bottom-margin ultimate-heading-139169d590de976bc uvc-4518 \" data-hspacer=\"no_spacer\"  data-halign=\"center\" style=\"text-align:center\"><div class=\"uvc-heading-spacer no_spacer\" style=\"top\"><\/div><div class=\"uvc-main-heading ult-responsive\"  data-ultimate-target='.uvc-heading.ultimate-heading-139169d590de976bc h2'  data-responsive-json-new='{\"font-size\":\"desktop:46px;\",\"line-height\":\"desktop:56px;\"}' ><h2 style=\"font-weight:bold;\">Team<\/h2><\/div><\/div>[\/vc_column][\/vc_row][vc_row equal_height=&#8221;yes&#8221; bg_type=&#8221;bg_color&#8221; css=&#8221;.vc_custom_1562097429851{margin-top: 70px !important;margin-right: 70px !important;margin-bottom: 70px !important;padding-top: 70px !important;padding-right: 70px !important;padding-bottom: 70px !important;padding-left: 70px !important;}&#8221; bg_color_value=&#8221;#f6f7fa&#8221;][vc_column width=&#8221;1\/4&#8243;][vc_single_image image=&#8221;1969&#8243; img_size=&#8221;large&#8221; style=&#8221;vc_box_circle_2&#8243; css_animation=&#8221;none&#8221;][\/vc_column][vc_column width=&#8221;3\/4&#8243;]<div id=\"ultimate-heading-288369d590de976f7\" class=\"uvc-heading ult-adjust-bottom-margin ultimate-heading-288369d590de976f7 uvc-4521 \" data-hspacer=\"no_spacer\"  data-halign=\"left\" style=\"text-align:left\"><div class=\"uvc-heading-spacer no_spacer\" style=\"top\"><\/div><div class=\"uvc-main-heading ult-responsive\"  data-ultimate-target='.uvc-heading.ultimate-heading-288369d590de976f7 h3'  data-responsive-json-new='{\"font-size\":\"desktop:34px;\",\"line-height\":\"\"}' ><h3 style=\"font-weight:bold;margin-bottom:20px;\">V\u00e9ronique D'Abat\u00e9<\/h3><\/div><\/div>[vc_column_text css=&#8221;&#8221;]<\/p>\n<p style=\"font-weight: 400;\">V\u00e9ronique began her training in Tap and Jazz at the age of 9. Immediately enthralled, she began training in classical ballet at L&#8217;\u00e9cole Pierre-Laporte, followed by L&#8217;\u00c9cole Sup\u00e9rieure de Danse du Qu\u00e9bec. Throughout this training, she was also a performer with the Classique\/art\/Jazz contemporary dance company, directed by Johanne Boivin (Ballet Jazz de Montr\u00e9al) and France Dufresne (Eddy Toussain). During her time with the company, she worked with such renowned teachers and choreographers as Howard Richard, Fran\u00e7ine Liboiron, Marc Forest and Jean-Jacques Pillet. She then made the leap to urban dance, joining the Urban Dance Society (U.D.S.) directed by Marvin Baptiste. She then flew to Mexico to dance in productions such as The Lion King, Beauty and the Beast and Moulin Rouge. On her return, she undertook the \u201cInternational Visa Program\u201d at Step On Broadway in New York City. There she trained with choreographers such as Joe Lanteri, Rapsody, Brian Freedman, Jay T and many others. On her return, she joined the ranks of the UNKUT Production Company, directed by Alexandra \u201cSpicey\u201d Lande. With this company, she danced in several events, including the famous Choreograher&#8217;s Ball (in NY, Toronto and LA), and alongside artists such as Jabbawockeezs, Chamilionnaire and Flip mode Squad. V\u00e9ronique has also danced on TV shows such as En direct de l&#8217;univers, La VOIX, Chanteurs Masqu\u00e9s and the Gala Artis, as well as at festivals such as the Festival de Jazz, Juste Pour Rire and Les Francofolies. She was also a cheerleader for the Montreal Alouettes. She has danced in several Op\u00e9ra de Montr\u00e9al productions, including Rusalka, Manon, Turandot and the famous opera Carmen. She also danced on tour for several years with the Famous Live Band. She has just returned (for the second time) from a contract in Saudi Arabia where she danced for Assala and Majid Almohandis at the famous Riyad Season festival 2022\/23 and has just returned from a trip where she danced at the Billboards Music Awards Arabia for artists such as Elyanna, Faouzia and Faudel. V\u00e9ronique has also been a recognized choreographer and teacher for over 20 years, both in Canada and internationally. She has choreographed for many festivals and shows, including Cirque du Soleil&#8217;s One Drop Foundation, the St-Sauveur Arts Festival, Revolution Season 4 and for singer \u00c9l\u00e9onore Lagass\u00e9.<\/p>\n<p>[\/vc_column_text][\/vc_column][\/vc_row][vc_row equal_height=&#8221;yes&#8221; bg_type=&#8221;bg_color&#8221; bg_color_value=&#8221;#f6f7fa&#8221; css=&#8221;.vc_custom_1562097439038{margin-top: 70px !important;margin-bottom: 70px !important;padding-top: 70px !important;padding-right: 70px !important;padding-bottom: 70px !important;padding-left: 70px !important;}&#8221;][vc_column width=&#8221;3\/4&#8243;]<div id=\"ultimate-heading-520069d590de97730\" class=\"uvc-heading ult-adjust-bottom-margin ultimate-heading-520069d590de97730 uvc-6671 \" data-hspacer=\"no_spacer\"  data-halign=\"left\" style=\"text-align:left\"><div class=\"uvc-heading-spacer no_spacer\" style=\"top\"><\/div><div class=\"uvc-main-heading ult-responsive\"  data-ultimate-target='.uvc-heading.ultimate-heading-520069d590de97730 h3'  data-responsive-json-new='{\"font-size\":\"desktop:34px;\",\"line-height\":\"\"}' ><h3 style=\"font-weight:bold;margin-bottom:20px;\">Isabelle B\u00e9langer<\/h3><\/div><\/div>[vc_column_text]Isabelle started dancing at the age of 5. At 15, she began substitute teaching and 3 years later she officially launched her teacher career. She knew from the start that her heart belonged there and in 1995, following an internship in New York City, she decided to dedicate herself to teaching. At 21, she partnered with two of her friends and opened a dance school. After modest beginnings and dissociation with her partners, she decided to make an investment and move Studio 360 into a 2000 square foot location. Her students then doubled and 5 years later, their 2000 square foot building was too small. She invested with her partner and they purchased a 10 000 square feet building. Five years after that, Studio 360 has 5 large studios, more than 800 students and has won several first prizes in regional, provincial and international competitions. Despite the many responsibilities brought on by her dance Studio, Isabelle does not lose sight of her dancing and teaching training. She takes dance classes year round and advanced training once a year with celebrated teachers such as Mia Michaels, Brian Friedman, Wade Robson, among others. Her teaching philosophy at Studio 360 is : students must receive the highest quality of training. She ensures her teachers excel in their respective discipline. It was with great pleasure in 2010, that she associated with cofounder V\u00e9ronique D\u2019Abat\u00e9 to create Bravissimo.[\/vc_column_text][\/vc_column][vc_column width=&#8221;1\/4&#8243;][vc_single_image image=&#8221;1966&#8243; img_size=&#8221;large&#8221; style=&#8221;vc_box_circle_2&#8243;][\/vc_column][\/vc_row][vc_row equal_height=&#8221;yes&#8221; bg_type=&#8221;bg_color&#8221; bg_color_value=&#8221;#f6f7fa&#8221; css=&#8221;.vc_custom_1562097439038{margin-top: 70px !important;margin-bottom: 70px !important;padding-top: 70px !important;padding-right: 70px !important;padding-bottom: 70px !important;padding-left: 70px !important;}&#8221;][vc_column width=&#8221;1\/3&#8243;][vc_single_image image=&#8221;1964&#8243; img_size=&#8221;large&#8221; alignment=&#8221;center&#8221; style=&#8221;vc_box_circle_2&#8243; css=&#8221;&#8221;]<div id=\"ultimate-heading-136169d590de9776b\" class=\"uvc-heading ult-adjust-bottom-margin ultimate-heading-136169d590de9776b uvc-6932 \" data-hspacer=\"no_spacer\"  data-halign=\"center\" style=\"text-align:center\"><div class=\"uvc-heading-spacer no_spacer\" style=\"top\"><\/div><div class=\"uvc-main-heading ult-responsive\"  data-ultimate-target='.uvc-heading.ultimate-heading-136169d590de9776b h3'  data-responsive-json-new='{\"font-size\":\"desktop:24px;\",\"line-height\":\"\"}' ><h3 style=\"font-weight:bold;margin-top:20px;\">\u00c9lisabeth Gagnon<\/h3><\/div><div class=\"uvc-sub-heading ult-responsive\"  data-ultimate-target='.uvc-heading.ultimate-heading-136169d590de9776b .uvc-sub-heading '  data-responsive-json-new='{\"font-size\":\"\",\"line-height\":\"\"}'  style=\"font-weight:normal;margin-bottom:20px;\">Administrative assistant<\/div><\/div>[\/vc_column][vc_column width=&#8221;1\/3&#8243;][vc_single_image image=&#8221;1973&#8243; img_size=&#8221;large&#8221; alignment=&#8221;center&#8221; style=&#8221;vc_box_circle_2&#8243; css=&#8221;&#8221;]<div id=\"ultimate-heading-517769d590de977ab\" class=\"uvc-heading ult-adjust-bottom-margin ultimate-heading-517769d590de977ab uvc-4890 \" data-hspacer=\"no_spacer\"  data-halign=\"center\" style=\"text-align:center\"><div class=\"uvc-heading-spacer no_spacer\" style=\"top\"><\/div><div class=\"uvc-main-heading ult-responsive\"  data-ultimate-target='.uvc-heading.ultimate-heading-517769d590de977ab h3'  data-responsive-json-new='{\"font-size\":\"desktop:24px;\",\"line-height\":\"\"}' ><h3 style=\"font-weight:bold;margin-top:20px;\">Pascal Lalancette<\/h3><\/div><div class=\"uvc-sub-heading ult-responsive\"  data-ultimate-target='.uvc-heading.ultimate-heading-517769d590de977ab .uvc-sub-heading '  data-responsive-json-new='{\"font-size\":\"\",\"line-height\":\"\"}'  style=\"font-weight:normal;margin-bottom:20px;\">Research and development<\/div><\/div>[\/vc_column][vc_column width=&#8221;1\/3&#8243;][vc_single_image image=&#8221;1965&#8243; img_size=&#8221;large&#8221; alignment=&#8221;center&#8221; style=&#8221;vc_box_circle_2&#8243; css=&#8221;&#8221;]<div id=\"ultimate-heading-752369d590de977e5\" class=\"uvc-heading ult-adjust-bottom-margin ultimate-heading-752369d590de977e5 uvc-1737 \" data-hspacer=\"no_spacer\"  data-halign=\"center\" style=\"text-align:center\"><div class=\"uvc-heading-spacer no_spacer\" style=\"top\"><\/div><div class=\"uvc-main-heading ult-responsive\"  data-ultimate-target='.uvc-heading.ultimate-heading-752369d590de977e5 h3'  data-responsive-json-new='{\"font-size\":\"desktop:24px;\",\"line-height\":\"\"}' ><h3 style=\"font-weight:bold;margin-top:20px;\">Fran\u00e7ois Roy<\/h3><\/div><div class=\"uvc-sub-heading ult-responsive\"  data-ultimate-target='.uvc-heading.ultimate-heading-752369d590de977e5 .uvc-sub-heading '  data-responsive-json-new='{\"font-size\":\"\",\"line-height\":\"\"}'  style=\"font-weight:normal;margin-bottom:20px;\">Technical director<\/div><\/div>[\/vc_column][\/vc_row][vc_row equal_height=&#8221;yes&#8221; bg_type=&#8221;bg_color&#8221; bg_color_value=&#8221;#f6f7fa&#8221; css=&#8221;.vc_custom_1562097439038{margin-top: 70px !important;margin-bottom: 70px !important;padding-top: 70px !important;padding-right: 70px !important;padding-bottom: 70px !important;padding-left: 70px !important;}&#8221;][vc_column width=&#8221;1\/3&#8243;][vc_single_image image=&#8221;1968&#8243; img_size=&#8221;large&#8221; alignment=&#8221;center&#8221; style=&#8221;vc_box_circle_2&#8243; css=&#8221;&#8221;]<div id=\"ultimate-heading-540169d590de97820\" class=\"uvc-heading ult-adjust-bottom-margin ultimate-heading-540169d590de97820 uvc-7988 \" data-hspacer=\"no_spacer\"  data-halign=\"center\" style=\"text-align:center\"><div class=\"uvc-heading-spacer no_spacer\" style=\"top\"><\/div><div class=\"uvc-main-heading ult-responsive\"  data-ultimate-target='.uvc-heading.ultimate-heading-540169d590de97820 h3'  data-responsive-json-new='{\"font-size\":\"desktop:24px;\",\"line-height\":\"\"}' ><h3 style=\"font-weight:bold;margin-top:20px;\">Suzie Vachon<\/h3><\/div><div class=\"uvc-sub-heading ult-responsive\"  data-ultimate-target='.uvc-heading.ultimate-heading-540169d590de97820 .uvc-sub-heading '  data-responsive-json-new='{\"font-size\":\"\",\"line-height\":\"\"}'  style=\"font-weight:normal;margin-bottom:20px;\">Exhibitor&#8217;s fair<\/div><\/div>[\/vc_column][vc_column width=&#8221;1\/3&#8243;][vc_single_image image=&#8221;2242&#8243; img_size=&#8221;large&#8221; alignment=&#8221;center&#8221; style=&#8221;vc_box_circle_2&#8243; css=&#8221;&#8221;]<div id=\"ultimate-heading-600169d590de9785b\" class=\"uvc-heading ult-adjust-bottom-margin ultimate-heading-600169d590de9785b uvc-2757 \" data-hspacer=\"no_spacer\"  data-halign=\"center\" style=\"text-align:center\"><div class=\"uvc-heading-spacer no_spacer\" style=\"top\"><\/div><div class=\"uvc-main-heading ult-responsive\"  data-ultimate-target='.uvc-heading.ultimate-heading-600169d590de9785b h3'  data-responsive-json-new='{\"font-size\":\"desktop:24px;\",\"line-height\":\"\"}' ><h3 style=\"font-weight:bold;margin-top:20px;\">Marie-\u00c8ve Gagnon<\/h3><\/div><div class=\"uvc-sub-heading ult-responsive\"  data-ultimate-target='.uvc-heading.ultimate-heading-600169d590de9785b .uvc-sub-heading '  data-responsive-json-new='{\"font-size\":\"\",\"line-height\":\"\"}'  style=\"font-weight:normal;margin-bottom:20px;\">Sponsorship \/ partnership<\/div><\/div>[\/vc_column][vc_column width=&#8221;1\/3&#8243;][vc_single_image image=&#8221;2243&#8243; img_size=&#8221;large&#8221; alignment=&#8221;center&#8221; style=&#8221;vc_box_circle_2&#8243; css=&#8221;&#8221;]<div id=\"ultimate-heading-330869d590de97895\" class=\"uvc-heading ult-adjust-bottom-margin ultimate-heading-330869d590de97895 uvc-2627 \" data-hspacer=\"no_spacer\"  data-halign=\"center\" style=\"text-align:center\"><div class=\"uvc-heading-spacer no_spacer\" style=\"top\"><\/div><div class=\"uvc-main-heading ult-responsive\"  data-ultimate-target='.uvc-heading.ultimate-heading-330869d590de97895 h3'  data-responsive-json-new='{\"font-size\":\"desktop:24px;\",\"line-height\":\"\"}' ><h3 style=\"font-weight:bold;margin-top:20px;\">Vanessa Lizotte<\/h3><\/div><div class=\"uvc-sub-heading ult-responsive\"  data-ultimate-target='.uvc-heading.ultimate-heading-330869d590de97895 .uvc-sub-heading '  data-responsive-json-new='{\"font-size\":\"\",\"line-height\":\"\"}'  style=\"font-weight:normal;margin-bottom:20px;\">Social networks<\/div><\/div>[\/vc_column][\/vc_row]<\/p>\n<\/div>","protected":false},"excerpt":{"rendered":"<p>[vc_row][vc_column][\/vc_column][\/vc_row][vc_row equal_height=&#8221;yes&#8221; bg_type=&#8221;bg_color&#8221; css=&#8221;.vc_custom_1562097429851{margin-top: 70px !important;margin-right: 70px !important;margin-bottom: 70px !important;padding-top: 70px !important;padding-right: 70px !important;padding-bottom: 70px !important;padding-left: 70px !important;}&#8221; bg_color_value=&#8221;#f6f7fa&#8221;][vc_column width=&#8221;1\/4&#8243;][vc_single_image image=&#8221;1969&#8243; img_size=&#8221;large&#8221; style=&#8221;vc_box_circle_2&#8243; css_animation=&#8221;none&#8221;][\/vc_column][vc_column width=&#8221;3\/4&#8243;][vc_column_text css=&#8221;&#8221;] V\u00e9ronique began her training in Tap and Jazz at the age of 9. Immediately enthralled, she began training in classical ballet at L&#8217;\u00e9cole Pierre-Laporte, followed by L&#8217;\u00c9cole Sup\u00e9rieure de&hellip;<\/p>\n","protected":false},"author":1,"featured_media":0,"parent":0,"menu_order":11,"comment_status":"closed","ping_status":"closed","template":"","meta":{"footnotes":""},"class_list":["post-909","page","type-page","status-publish","hentry","description-off"],"yoast_head":"<!-- This site is optimized with the Yoast SEO plugin v27.3 - https:\/\/yoast.com\/product\/yoast-seo-wordpress\/ -->\n<title>Team - Bravissimo<\/title>\n<meta name=\"robots\" content=\"index, follow, max-snippet:-1, max-image-preview:large, max-video-preview:-1\" \/>\n<link rel=\"canonical\" href=\"https:\/\/bravissimo.ca\/equipe\/\" \/>\n<meta property=\"og:locale\" content=\"en_US\" \/>\n<meta property=\"og:type\" content=\"article\" \/>\n<meta property=\"og:title\" content=\"[:fr]\u00c9quipe[:en]Team[:] - Bravissimo\" \/>\n<meta property=\"og:description\" content=\"[vc_row][vc_column][\/vc_column][\/vc_row][vc_row equal_height=&#8221;yes&#8221; bg_type=&#8221;bg_color&#8221; css=&#8221;.vc_custom_1562097429851{margin-top: 70px !important;margin-right: 70px !important;margin-bottom: 70px !important;padding-top: 70px !important;padding-right: 70px !important;padding-bottom: 70px !important;padding-left: 70px !important;}&#8221; bg_color_value=&#8221;#f6f7fa&#8221;][vc_column width=&#8221;1\/4&#8243;][vc_single_image image=&#8221;1969&#8243; img_size=&#8221;large&#8221; style=&#8221;vc_box_circle_2&#8243; css_animation=&#8221;none&#8221;][\/vc_column][vc_column width=&#8221;3\/4&#8243;][vc_column_text css=&#8221;&#8221;] V\u00e9ronique began her training in Tap and Jazz at the age of 9. Immediately enthralled, she began training in classical ballet at L&#8217;\u00e9cole Pierre-Laporte, followed by L&#8217;\u00c9cole Sup\u00e9rieure de&hellip;\" \/>\n<meta property=\"og:url\" content=\"https:\/\/bravissimo.ca\/equipe\/\" \/>\n<meta property=\"og:site_name\" content=\"Bravissimo\" \/>\n<meta property=\"article:publisher\" content=\"https:\/\/www.facebook.com\/CompetitionBravissimo\" \/>\n<meta property=\"article:modified_time\" content=\"2025-08-07T16:44:35+00:00\" \/>\n<meta name=\"twitter:card\" content=\"summary_large_image\" \/>\n<meta name=\"twitter:site\" content=\"@bravissimo1\" \/>\n<meta name=\"twitter:label1\" content=\"Est. reading time\" \/>\n\t<meta name=\"twitter:data1\" content=\"13 minutes\" \/>\n<script type=\"application\/ld+json\" class=\"yoast-schema-graph\">{\"@context\":\"https:\\\/\\\/schema.org\",\"@graph\":[{\"@type\":\"WebPage\",\"@id\":\"https:\\\/\\\/bravissimo.ca\\\/equipe\\\/\",\"url\":\"https:\\\/\\\/bravissimo.ca\\\/equipe\\\/\",\"name\":\"[:fr]\u00c9quipe[:en]Team[:] - Bravissimo\",\"isPartOf\":{\"@id\":\"https:\\\/\\\/bravissimo.ca\\\/#website\"},\"datePublished\":\"2019-06-27T08:00:45+00:00\",\"dateModified\":\"2025-08-07T16:44:35+00:00\",\"breadcrumb\":{\"@id\":\"https:\\\/\\\/bravissimo.ca\\\/equipe\\\/#breadcrumb\"},\"inLanguage\":\"en-US\",\"potentialAction\":[{\"@type\":\"ReadAction\",\"target\":[\"https:\\\/\\\/bravissimo.ca\\\/equipe\\\/\"]}]},{\"@type\":\"BreadcrumbList\",\"@id\":\"https:\\\/\\\/bravissimo.ca\\\/equipe\\\/#breadcrumb\",\"itemListElement\":[{\"@type\":\"ListItem\",\"position\":1,\"name\":\"Home\",\"item\":\"https:\\\/\\\/bravissimo.ca\\\/\"},{\"@type\":\"ListItem\",\"position\":2,\"name\":\"\u00c9quipe\"}]},{\"@type\":\"WebSite\",\"@id\":\"https:\\\/\\\/bravissimo.ca\\\/#website\",\"url\":\"https:\\\/\\\/bravissimo.ca\\\/\",\"name\":\"Bravissimo\",\"description\":\"Comp\u00e9tition de dance\",\"publisher\":{\"@id\":\"https:\\\/\\\/bravissimo.ca\\\/#organization\"},\"potentialAction\":[{\"@type\":\"SearchAction\",\"target\":{\"@type\":\"EntryPoint\",\"urlTemplate\":\"https:\\\/\\\/bravissimo.ca\\\/?s={search_term_string}\"},\"query-input\":{\"@type\":\"PropertyValueSpecification\",\"valueRequired\":true,\"valueName\":\"search_term_string\"}}],\"inLanguage\":\"en-US\"},{\"@type\":\"Organization\",\"@id\":\"https:\\\/\\\/bravissimo.ca\\\/#organization\",\"name\":\"Bravissimo\",\"url\":\"https:\\\/\\\/bravissimo.ca\\\/\",\"logo\":{\"@type\":\"ImageObject\",\"inLanguage\":\"en-US\",\"@id\":\"https:\\\/\\\/bravissimo.ca\\\/#\\\/schema\\\/logo\\\/image\\\/\",\"url\":\"https:\\\/\\\/bravissimo.ca\\\/wp-content\\\/uploads\\\/2023\\\/05\\\/logo-bravissimo-640-312.png\",\"contentUrl\":\"https:\\\/\\\/bravissimo.ca\\\/wp-content\\\/uploads\\\/2023\\\/05\\\/logo-bravissimo-640-312.png\",\"width\":640,\"height\":312,\"caption\":\"Bravissimo\"},\"image\":{\"@id\":\"https:\\\/\\\/bravissimo.ca\\\/#\\\/schema\\\/logo\\\/image\\\/\"},\"sameAs\":[\"https:\\\/\\\/www.facebook.com\\\/CompetitionBravissimo\",\"https:\\\/\\\/x.com\\\/bravissimo1\",\"https:\\\/\\\/www.instagram.com\\\/competitionbravissimo\\\/\"]}]}<\/script>\n<!-- \/ Yoast SEO plugin. -->","yoast_head_json":{"title":"[:fr]\u00c9quipe[:en]Team[:] - Bravissimo","robots":{"index":"index","follow":"follow","max-snippet":"max-snippet:-1","max-image-preview":"max-image-preview:large","max-video-preview":"max-video-preview:-1"},"canonical":"https:\/\/bravissimo.ca\/equipe\/","og_locale":"en_US","og_type":"article","og_title":"[:fr]\u00c9quipe[:en]Team[:] - Bravissimo","og_description":"[vc_row][vc_column][\/vc_column][\/vc_row][vc_row equal_height=&#8221;yes&#8221; bg_type=&#8221;bg_color&#8221; css=&#8221;.vc_custom_1562097429851{margin-top: 70px !important;margin-right: 70px !important;margin-bottom: 70px !important;padding-top: 70px !important;padding-right: 70px !important;padding-bottom: 70px !important;padding-left: 70px !important;}&#8221; bg_color_value=&#8221;#f6f7fa&#8221;][vc_column width=&#8221;1\/4&#8243;][vc_single_image image=&#8221;1969&#8243; img_size=&#8221;large&#8221; style=&#8221;vc_box_circle_2&#8243; css_animation=&#8221;none&#8221;][\/vc_column][vc_column width=&#8221;3\/4&#8243;][vc_column_text css=&#8221;&#8221;] V\u00e9ronique began her training in Tap and Jazz at the age of 9. Immediately enthralled, she began training in classical ballet at L&#8217;\u00e9cole Pierre-Laporte, followed by L&#8217;\u00c9cole Sup\u00e9rieure de&hellip;","og_url":"https:\/\/bravissimo.ca\/equipe\/","og_site_name":"Bravissimo","article_publisher":"https:\/\/www.facebook.com\/CompetitionBravissimo","article_modified_time":"2025-08-07T16:44:35+00:00","twitter_card":"summary_large_image","twitter_site":"@bravissimo1","twitter_misc":{"Est. reading time":"13 minutes"},"schema":{"@context":"https:\/\/schema.org","@graph":[{"@type":"WebPage","@id":"https:\/\/bravissimo.ca\/equipe\/","url":"https:\/\/bravissimo.ca\/equipe\/","name":"[:fr]\u00c9quipe[:en]Team[:] - Bravissimo","isPartOf":{"@id":"https:\/\/bravissimo.ca\/#website"},"datePublished":"2019-06-27T08:00:45+00:00","dateModified":"2025-08-07T16:44:35+00:00","breadcrumb":{"@id":"https:\/\/bravissimo.ca\/equipe\/#breadcrumb"},"inLanguage":"en-US","potentialAction":[{"@type":"ReadAction","target":["https:\/\/bravissimo.ca\/equipe\/"]}]},{"@type":"BreadcrumbList","@id":"https:\/\/bravissimo.ca\/equipe\/#breadcrumb","itemListElement":[{"@type":"ListItem","position":1,"name":"Home","item":"https:\/\/bravissimo.ca\/"},{"@type":"ListItem","position":2,"name":"\u00c9quipe"}]},{"@type":"WebSite","@id":"https:\/\/bravissimo.ca\/#website","url":"https:\/\/bravissimo.ca\/","name":"Bravissimo","description":"Comp\u00e9tition de dance","publisher":{"@id":"https:\/\/bravissimo.ca\/#organization"},"potentialAction":[{"@type":"SearchAction","target":{"@type":"EntryPoint","urlTemplate":"https:\/\/bravissimo.ca\/?s={search_term_string}"},"query-input":{"@type":"PropertyValueSpecification","valueRequired":true,"valueName":"search_term_string"}}],"inLanguage":"en-US"},{"@type":"Organization","@id":"https:\/\/bravissimo.ca\/#organization","name":"Bravissimo","url":"https:\/\/bravissimo.ca\/","logo":{"@type":"ImageObject","inLanguage":"en-US","@id":"https:\/\/bravissimo.ca\/#\/schema\/logo\/image\/","url":"https:\/\/bravissimo.ca\/wp-content\/uploads\/2023\/05\/logo-bravissimo-640-312.png","contentUrl":"https:\/\/bravissimo.ca\/wp-content\/uploads\/2023\/05\/logo-bravissimo-640-312.png","width":640,"height":312,"caption":"Bravissimo"},"image":{"@id":"https:\/\/bravissimo.ca\/#\/schema\/logo\/image\/"},"sameAs":["https:\/\/www.facebook.com\/CompetitionBravissimo","https:\/\/x.com\/bravissimo1","https:\/\/www.instagram.com\/competitionbravissimo\/"]}]}},"_links":{"self":[{"href":"https:\/\/bravissimo.ca\/en\/wp-json\/wp\/v2\/pages\/909","targetHints":{"allow":["GET"]}}],"collection":[{"href":"https:\/\/bravissimo.ca\/en\/wp-json\/wp\/v2\/pages"}],"about":[{"href":"https:\/\/bravissimo.ca\/en\/wp-json\/wp\/v2\/types\/page"}],"author":[{"embeddable":true,"href":"https:\/\/bravissimo.ca\/en\/wp-json\/wp\/v2\/users\/1"}],"replies":[{"embeddable":true,"href":"https:\/\/bravissimo.ca\/en\/wp-json\/wp\/v2\/comments?post=909"}],"version-history":[{"count":4,"href":"https:\/\/bravissimo.ca\/en\/wp-json\/wp\/v2\/pages\/909\/revisions"}],"predecessor-version":[{"id":2246,"href":"https:\/\/bravissimo.ca\/en\/wp-json\/wp\/v2\/pages\/909\/revisions\/2246"}],"wp:attachment":[{"href":"https:\/\/bravissimo.ca\/en\/wp-json\/wp\/v2\/media?parent=909"}],"curies":[{"name":"wp","href":"https:\/\/api.w.org\/{rel}","templated":true}]}}